{"id":1244,"date":"2016-02-12T07:54:41","date_gmt":"2016-02-12T07:54:41","guid":{"rendered":"http:\/\/demos.famethemes.com\/onepress-plus\/?page_id=4"},"modified":"2017-11-30T16:17:12","modified_gmt":"2017-11-30T15:17:12","slug":"zone-53-escape-game","status":"publish","type":"page","link":"https:\/\/zone53escapegame.fr\/","title":{"rendered":"ZONE 53 Escape Game"},"content":{"rendered":"","protected":false},"excerpt":{"rendered":"","protected":false},"author":2,"featured_media":0,"parent":0,"menu_order":0,"comment_status":"closed","ping_status":"closed","template":"template-frontpage.php","meta":{"footnotes":""},"class_list":["post-1244","page","type-page","status-publish","hentry"],"yoast_head":"<!-- This site is optimized with the Yoast SEO plugin v27.5 - https:\/\/yoast.com\/product\/yoast-seo-wordpress\/ -->\n<title>ZONE 53 Escape Game Laval : Une nouvelle aventure immersive !<\/title>\n<meta name=\"description\" content=\"Venez-vous amuser \u00e0 Laval en relevant le d\u00e9fi propos\u00e9 par ZONE 53 Escape Game, nouveau concept pour se divertir et sortir entre amis, famille, coll\u00e8gues.\" \/>\n<meta name=\"robots\" content=\"index, follow, max-snippet:-1, max-image-preview:large, max-video-preview:-1\" \/>\n<link rel=\"canonical\" href=\"https:\/\/zone53escapegame.fr\/\" \/>\n<meta property=\"og:locale\" content=\"fr_FR\" \/>\n<meta property=\"og:type\" content=\"article\" \/>\n<meta property=\"og:title\" content=\"ZONE 53 Escape Game Laval : Une nouvelle aventure immersive !\" \/>\n<meta property=\"og:description\" content=\"Venez-vous amuser \u00e0 Laval en relevant le d\u00e9fi propos\u00e9 par ZONE 53 Escape Game, nouveau concept pour se divertir et sortir entre amis, famille, coll\u00e8gues.\" \/>\n<meta property=\"og:url\" content=\"https:\/\/zone53escapegame.fr\/\" \/>\n<meta property=\"og:site_name\" content=\"ZONE 53 Escape Game\" \/>\n<meta property=\"article:publisher\" content=\"https:\/\/www.facebook.com\/zone53escapegame\" \/>\n<meta property=\"article:modified_time\" content=\"2017-11-30T15:17:12+00:00\" \/>\n<meta property=\"og:image\" content=\"https:\/\/zone53escapegame.fr\/wp-content\/uploads\/2017\/09\/logozone53-v3-1-e1589376036162.png\" \/>\n\t<meta property=\"og:image:width\" content=\"276\" \/>\n\t<meta property=\"og:image:height\" content=\"259\" \/>\n\t<meta property=\"og:image:type\" content=\"image\/png\" \/>\n<meta name=\"twitter:card\" content=\"summary_large_image\" \/>\n<script type=\"application\/ld+json\" class=\"yoast-schema-graph\">{\"@context\":\"https:\\\/\\\/schema.org\",\"@graph\":[{\"@type\":\"WebPage\",\"@id\":\"https:\\\/\\\/zone53escapegame.fr\\\/\",\"url\":\"https:\\\/\\\/zone53escapegame.fr\\\/\",\"name\":\"ZONE 53 Escape Game Laval : Une nouvelle aventure immersive !\",\"isPartOf\":{\"@id\":\"https:\\\/\\\/zone53escapegame.fr\\\/#website\"},\"datePublished\":\"2016-02-12T07:54:41+00:00\",\"dateModified\":\"2017-11-30T15:17:12+00:00\",\"description\":\"Venez-vous amuser \u00e0 Laval en relevant le d\u00e9fi propos\u00e9 par ZONE 53 Escape Game, nouveau concept pour se divertir et sortir entre amis, famille, coll\u00e8gues.\",\"breadcrumb\":{\"@id\":\"https:\\\/\\\/zone53escapegame.fr\\\/#breadcrumb\"},\"inLanguage\":\"fr-FR\",\"potentialAction\":[{\"@type\":\"ReadAction\",\"target\":[\"https:\\\/\\\/zone53escapegame.fr\\\/\"]}]},{\"@type\":\"BreadcrumbList\",\"@id\":\"https:\\\/\\\/zone53escapegame.fr\\\/#breadcrumb\",\"itemListElement\":[{\"@type\":\"ListItem\",\"position\":1,\"name\":\"Accueil\",\"item\":\"https:\\\/\\\/zone53escapegame.fr\\\/\"},{\"@type\":\"ListItem\",\"position\":2,\"name\":\"ZONE 53 Escape Game\"}]},{\"@type\":\"WebSite\",\"@id\":\"https:\\\/\\\/zone53escapegame.fr\\\/#website\",\"url\":\"https:\\\/\\\/zone53escapegame.fr\\\/\",\"name\":\"ZONE 53 Escape Game\",\"description\":\"ZONE 53 Escape Game\",\"publisher\":{\"@id\":\"https:\\\/\\\/zone53escapegame.fr\\\/#organization\"},\"potentialAction\":[{\"@type\":\"SearchAction\",\"target\":{\"@type\":\"EntryPoint\",\"urlTemplate\":\"https:\\\/\\\/zone53escapegame.fr\\\/?s={search_term_string}\"},\"query-input\":{\"@type\":\"PropertyValueSpecification\",\"valueRequired\":true,\"valueName\":\"search_term_string\"}}],\"inLanguage\":\"fr-FR\"},{\"@type\":\"Organization\",\"@id\":\"https:\\\/\\\/zone53escapegame.fr\\\/#organization\",\"name\":\"ZONE 53 Escape Game\",\"url\":\"https:\\\/\\\/zone53escapegame.fr\\\/\",\"logo\":{\"@type\":\"ImageObject\",\"inLanguage\":\"fr-FR\",\"@id\":\"https:\\\/\\\/zone53escapegame.fr\\\/#\\\/schema\\\/logo\\\/image\\\/\",\"url\":\"https:\\\/\\\/zone53escapegame.fr\\\/wp-content\\\/uploads\\\/2017\\\/10\\\/cropped-logozone53-v10-e1508084141544.png\",\"contentUrl\":\"https:\\\/\\\/zone53escapegame.fr\\\/wp-content\\\/uploads\\\/2017\\\/10\\\/cropped-logozone53-v10-e1508084141544.png\",\"width\":190,\"height\":74,\"caption\":\"ZONE 53 Escape Game\"},\"image\":{\"@id\":\"https:\\\/\\\/zone53escapegame.fr\\\/#\\\/schema\\\/logo\\\/image\\\/\"},\"sameAs\":[\"https:\\\/\\\/www.facebook.com\\\/zone53escapegame\"]}]}<\/script>\n<!-- \/ Yoast SEO plugin. -->","yoast_head_json":{"title":"ZONE 53 Escape Game Laval : Une nouvelle aventure immersive !","description":"Venez-vous amuser \u00e0 Laval en relevant le d\u00e9fi propos\u00e9 par ZONE 53 Escape Game, nouveau concept pour se divertir et sortir entre amis, famille, coll\u00e8gues.","robots":{"index":"index","follow":"follow","max-snippet":"max-snippet:-1","max-image-preview":"max-image-preview:large","max-video-preview":"max-video-preview:-1"},"canonical":"https:\/\/zone53escapegame.fr\/","og_locale":"fr_FR","og_type":"article","og_title":"ZONE 53 Escape Game Laval : Une nouvelle aventure immersive !","og_description":"Venez-vous amuser \u00e0 Laval en relevant le d\u00e9fi propos\u00e9 par ZONE 53 Escape Game, nouveau concept pour se divertir et sortir entre amis, famille, coll\u00e8gues.","og_url":"https:\/\/zone53escapegame.fr\/","og_site_name":"ZONE 53 Escape Game","article_publisher":"https:\/\/www.facebook.com\/zone53escapegame","article_modified_time":"2017-11-30T15:17:12+00:00","og_image":[{"width":276,"height":259,"url":"https:\/\/zone53escapegame.fr\/wp-content\/uploads\/2017\/09\/logozone53-v3-1-e1589376036162.png","type":"image\/png"}],"twitter_card":"summary_large_image","schema":{"@context":"https:\/\/schema.org","@graph":[{"@type":"WebPage","@id":"https:\/\/zone53escapegame.fr\/","url":"https:\/\/zone53escapegame.fr\/","name":"ZONE 53 Escape Game Laval : Une nouvelle aventure immersive !","isPartOf":{"@id":"https:\/\/zone53escapegame.fr\/#website"},"datePublished":"2016-02-12T07:54:41+00:00","dateModified":"2017-11-30T15:17:12+00:00","description":"Venez-vous amuser \u00e0 Laval en relevant le d\u00e9fi propos\u00e9 par ZONE 53 Escape Game, nouveau concept pour se divertir et sortir entre amis, famille, coll\u00e8gues.","breadcrumb":{"@id":"https:\/\/zone53escapegame.fr\/#breadcrumb"},"inLanguage":"fr-FR","potentialAction":[{"@type":"ReadAction","target":["https:\/\/zone53escapegame.fr\/"]}]},{"@type":"BreadcrumbList","@id":"https:\/\/zone53escapegame.fr\/#breadcrumb","itemListElement":[{"@type":"ListItem","position":1,"name":"Accueil","item":"https:\/\/zone53escapegame.fr\/"},{"@type":"ListItem","position":2,"name":"ZONE 53 Escape Game"}]},{"@type":"WebSite","@id":"https:\/\/zone53escapegame.fr\/#website","url":"https:\/\/zone53escapegame.fr\/","name":"ZONE 53 Escape Game","description":"ZONE 53 Escape Game","publisher":{"@id":"https:\/\/zone53escapegame.fr\/#organization"},"potentialAction":[{"@type":"SearchAction","target":{"@type":"EntryPoint","urlTemplate":"https:\/\/zone53escapegame.fr\/?s={search_term_string}"},"query-input":{"@type":"PropertyValueSpecification","valueRequired":true,"valueName":"search_term_string"}}],"inLanguage":"fr-FR"},{"@type":"Organization","@id":"https:\/\/zone53escapegame.fr\/#organization","name":"ZONE 53 Escape Game","url":"https:\/\/zone53escapegame.fr\/","logo":{"@type":"ImageObject","inLanguage":"fr-FR","@id":"https:\/\/zone53escapegame.fr\/#\/schema\/logo\/image\/","url":"https:\/\/zone53escapegame.fr\/wp-content\/uploads\/2017\/10\/cropped-logozone53-v10-e1508084141544.png","contentUrl":"https:\/\/zone53escapegame.fr\/wp-content\/uploads\/2017\/10\/cropped-logozone53-v10-e1508084141544.png","width":190,"height":74,"caption":"ZONE 53 Escape Game"},"image":{"@id":"https:\/\/zone53escapegame.fr\/#\/schema\/logo\/image\/"},"sameAs":["https:\/\/www.facebook.com\/zone53escapegame"]}]}},"_links":{"self":[{"href":"https:\/\/zone53escapegame.fr\/index.php?rest_route=\/wp\/v2\/pages\/1244","targetHints":{"allow":["GET"]}}],"collection":[{"href":"https:\/\/zone53escapegame.fr\/index.php?rest_route=\/wp\/v2\/pages"}],"about":[{"href":"https:\/\/zone53escapegame.fr\/index.php?rest_route=\/wp\/v2\/types\/page"}],"author":[{"embeddable":true,"href":"https:\/\/zone53escapegame.fr\/index.php?rest_route=\/wp\/v2\/users\/2"}],"replies":[{"embeddable":true,"href":"https:\/\/zone53escapegame.fr\/index.php?rest_route=%2Fwp%2Fv2%2Fcomments&post=1244"}],"version-history":[{"count":1,"href":"https:\/\/zone53escapegame.fr\/index.php?rest_route=\/wp\/v2\/pages\/1244\/revisions"}],"predecessor-version":[{"id":1458,"href":"https:\/\/zone53escapegame.fr\/index.php?rest_route=\/wp\/v2\/pages\/1244\/revisions\/1458"}],"wp:attachment":[{"href":"https:\/\/zone53escapegame.fr\/index.php?rest_route=%2Fwp%2Fv2%2Fmedia&parent=1244"}],"curies":[{"name":"wp","href":"https:\/\/api.w.org\/{rel}","templated":true}]}}